{"id":24,"date":"2018-03-14T10:17:39","date_gmt":"2018-03-14T10:17:39","guid":{"rendered":"http:\/\/stalsmalltown.nl\/?page_id=24"},"modified":"2024-04-22T04:27:58","modified_gmt":"2024-04-22T04:27:58","slug":"lessen","status":"publish","type":"page","link":"https:\/\/stalsmalltown.nl\/?page_id=24","title":{"rendered":"Lessen"},"content":{"rendered":"<h4 style=\"text-align: center;\">Ook na het behalen van het men-bewijs is het altijd zinvol om les te blijven nemen. Overigens kan je ook zonder men-bewijs opleiding bij ons terecht voor les op alle niveaus.<\/h4>\n<h4 style=\"text-align: center;\">Priv\u00e9 lessen zijn intensief, en erg leerzaam. Door de \u00e9\u00e9n op \u00e9\u00e9n relatie tussen instructeur en leerling kunnen snel vorderingen gemaakt worden. Aangezien we werken vanuit het oog naar de menner besteden we veel aandacht aan het luisteren naar het paard. Vanuit de aanleg van het paard of pony uiteraard, gaan we proberen de situatie te verbeteren. Deze lessen kunnen in overleg ook aan huis gegeven worden.<\/h4>\n<h4 style=\"text-align: center;\"><\/h4>\n","protected":false},"excerpt":{"rendered":"<p>Ook na het behalen van het men-bewijs is het altijd zinvol om les te blijven nemen. Overigens kan je ook zonder men-bewijs opleiding bij ons terecht voor les op alle niveaus. Priv\u00e9 lessen zijn intensief, en erg leerzaam. Door de \u00e9\u00e9n op \u00e9\u00e9n relatie tussen<a href=\"https:\/\/stalsmalltown.nl\/?page_id=24\">Read More &raquo;<\/a><\/p>\n","protected":false},"author":1,"featured_media":0,"parent":0,"menu_order":0,"comment_status":"closed","ping_status":"closed","template":"","meta":{"footnotes":""},"class_list":["post-24","page","type-page","status-publish","hentry"],"_links":{"self":[{"href":"https:\/\/stalsmalltown.nl\/index.php?rest_route=\/wp\/v2\/pages\/24","targetHints":{"allow":["GET"]}}],"collection":[{"href":"https:\/\/stalsmalltown.nl\/index.php?rest_route=\/wp\/v2\/pages"}],"about":[{"href":"https:\/\/stalsmalltown.nl\/index.php?rest_route=\/wp\/v2\/types\/page"}],"author":[{"embeddable":true,"href":"https:\/\/stalsmalltown.nl\/index.php?rest_route=\/wp\/v2\/users\/1"}],"replies":[{"embeddable":true,"href":"https:\/\/stalsmalltown.nl\/index.php?rest_route=%2Fwp%2Fv2%2Fcomments&post=24"}],"version-history":[{"count":4,"href":"https:\/\/stalsmalltown.nl\/index.php?rest_route=\/wp\/v2\/pages\/24\/revisions"}],"predecessor-version":[{"id":203,"href":"https:\/\/stalsmalltown.nl\/index.php?rest_route=\/wp\/v2\/pages\/24\/revisions\/203"}],"wp:attachment":[{"href":"https:\/\/stalsmalltown.nl\/index.php?rest_route=%2Fwp%2Fv2%2Fmedia&parent=24"}],"curies":[{"name":"wp","href":"https:\/\/api.w.org\/{rel}","templated":true}]}}